{"id":54,"date":"2014-04-13T12:37:36","date_gmt":"2014-04-13T12:37:36","guid":{"rendered":"http:\/\/safecms.benz-consult.com\/?page_id=54"},"modified":"2017-01-23T11:13:25","modified_gmt":"2017-01-23T10:13:25","slug":"wir-arbeiten-fuer-sie","status":"publish","type":"page","link":"https:\/\/www.benz-consult.com\/fr\/wir-arbeiten-fuer-sie\/","title":{"rendered":"Accueil"},"content":{"rendered":"<p>Dr. Benz Consulting dispose de comp\u00e9tences sp\u00e9cifiques pour vous offrir les meilleurs talents dans les secteurs d<strong>\u2019<\/strong>activit\u00e9s \u00e9conomiques et scientifiques.Profitez de l\u2019expertise de notre \u00e9quipe sp\u00e9cialis\u00e9e.<\/p>\n<p><strong>Nous nous r\u00e9jouissons de notre future collaboration!<\/strong><\/p>","protected":false},"excerpt":{"rendered":"<p>Dr. Benz Consulting dispose de comp\u00e9tences sp\u00e9cifiques pour vous offrir les meilleurs talents dans les secteurs d\u2019activit\u00e9s \u00e9conomiques et scientifiques.Profitez de l\u2019expertise de notre \u00e9quipe sp\u00e9cialis\u00e9e. Nous nous r\u00e9jouissons de notre future collaboration!<\/p>\n","protected":false},"author":1,"featured_media":0,"parent":0,"menu_order":0,"comment_status":"open","ping_status":"open","template":"","meta":[],"_links":{"self":[{"href":"https:\/\/www.benz-consult.com\/fr\/wp-json\/wp\/v2\/pages\/54"}],"collection":[{"href":"https:\/\/www.benz-consult.com\/fr\/wp-json\/wp\/v2\/pages"}],"about":[{"href":"https:\/\/www.benz-consult.com\/fr\/wp-json\/wp\/v2\/types\/page"}],"author":[{"embeddable":true,"href":"https:\/\/www.benz-consult.com\/fr\/wp-json\/wp\/v2\/users\/1"}],"replies":[{"embeddable":true,"href":"https:\/\/www.benz-consult.com\/fr\/wp-json\/wp\/v2\/comments?post=54"}],"version-history":[{"count":12,"href":"https:\/\/www.benz-consult.com\/fr\/wp-json\/wp\/v2\/pages\/54\/revisions"}],"predecessor-version":[{"id":157,"href":"https:\/\/www.benz-consult.com\/fr\/wp-json\/wp\/v2\/pages\/54\/revisions\/157"}],"wp:attachment":[{"href":"https:\/\/www.benz-consult.com\/fr\/wp-json\/wp\/v2\/media?parent=54"}],"curies":[{"name":"wp","href":"https:\/\/api.w.org\/{rel}","templated":true}]}}