{"id":11,"date":"2014-04-13T10:28:07","date_gmt":"2014-04-13T10:28:07","guid":{"rendered":"http:\/\/safecms.benz-consult.com\/?page_id=11"},"modified":"2019-02-12T12:31:58","modified_gmt":"2019-02-12T11:31:58","slug":"executive-search","status":"publish","type":"page","link":"https:\/\/www.benz-consult.com\/fr\/executive-search\/","title":{"rendered":"Executive Search"},"content":{"rendered":"<p>\t\t\t\t\r\n\t\t\t\t<!-- START REVOLUTION SLIDER 2.3.91 -->\r\n\t\t\t\t\r\n\t\t\t\t\t\t\t<style type='text\/css'>\r\n\t\t\t\t#rev_slider_4_3, #rev_slider_4_3_wrapper { width:960px; height:350px;}\r\n\t\t\t\t\t\t\r\n\t\t\t   @media only screen and (min-width: 940px)  {\r\n\t\t\t \t\t  #rev_slider_4_3, #rev_slider_4_3_wrapper { width:960px; height:350px;}\t\r\n\t\t\t   }\r\n\t\t\t\r\n\t\t\t\t\t\t\r\n\t\t\t   @media only screen and (min-width: 780px) and (max-width: 939px) {\r\n\t\t\t \t\t  #rev_slider_4_3, #rev_slider_4_3_wrapper { width:770px; height:280px;}\t\r\n\t\t\t   }\r\n\t\t\t\r\n\t\t\t\t\t\t\r\n\t\t\t   @media only screen and (min-width: 510px) and (max-width: 779px) {\r\n\t\t\t \t\t  #rev_slider_4_3, #rev_slider_4_3_wrapper { width:490px; height:178px;}\t\r\n\t\t\t   }\r\n\t\t\t\r\n\t\t\t\t\t\t\r\n\t\t\t   @media only screen and (min-width: 0px) and (max-width: 509px) {\r\n\t\t\t \t\t  #rev_slider_4_3, #rev_slider_4_3_wrapper { width:300px; height:109px;}\t\r\n\t\t\t   }\r\n\t\t\t\r\n\t\t\t<\/style>\t\t\t\t\r\n\t\t\t\t<link rel='stylesheet' id='rev-google-font' href='http:\/\/fonts.googleapis.com\/css?family=PT+Sans+Narrow:400,700' type='text\/css' media='all' \/>\t\t\t\t<div id=\"rev_slider_4_3_wrapper\" class=\"rev_slider_wrapper\" style=\"margin:0px auto;background-color:#fff;padding:3px;margin-top:0px;margin-bottom:40px;\">\r\n\t\t\t\t\t<div id=\"rev_slider_4_3\" class=\"rev_slider\" style=\"display:none;\">\t\t\t\t\t\t\r\n\t\t\t\t\t\t\t\t\t\t<ul>\r\n\t\t\t\t\t\t\t\t<li data-transition=\"fade\" data-slotamount=\"7\" data-masterspeed=\"300\" data-link=\"http:\/\/safecms.benz-consult.com\/?page_id=11\"  >\r\n\t\t\t\t\t\t<img src=\"https:\/\/www.benz-consult.com\/wp-content\/uploads\/2014\/04\/Slide13.jpg\"  alt=\"Slide13\" >\r\n\t\t\t\t\t\t\t\t\t\t\t\t\t\t\r\n\t\t\t\t<div class=\"tp-caption big_white fade\"  \r\n\t\t\t\t\t data-x=\"600\" \r\n\t\t\t\t\t data-y=\"220\" \r\n\t\t\t\t\t data-speed=\"300\" \r\n\t\t\t\t\t data-start=\"500\" \r\n\t\t\t\t\t data-easing=\"easeOutExpo\"  >Executive Search<\/div>\r\n\t\t\t\t\t\t\t\t\t\t\t\t<\/li>\r\n\t\t\t\t\t\t\t\t<\/ul>\r\n\t\t\t\t\t\t\t\t\t\t\t\t\t\t<\/div>\r\n\t\t\t\t<\/div>\t\t\t\t\r\n\t\t\t\t\t\t\t\r\n\t\t\t<script type=\"text\/javascript\">\r\n\r\n\t\t\t\tvar tpj=jQuery;\r\n\t\t\t\t\r\n\t\t\t\t\t\t\t\t\ttpj.noConflict();\r\n\t\t\t\t\t\t\t\t\r\n\t\t\t\tvar revapi4;\r\n\t\t\t\t\r\n\t\t\t\ttpj(document).ready(function() {\r\n\t\t\t\t\r\n\t\t\t\tif (tpj.fn.cssOriginal != undefined)\r\n\t\t\t\t\ttpj.fn.css = tpj.fn.cssOriginal;\r\n\t\t\t\t\r\n\t\t\t\tif(tpj('#rev_slider_4_3').revolution == undefined)\r\n\t\t\t\t\trevslider_showDoubleJqueryError('#rev_slider_4_3');\r\n\t\t\t\telse\r\n\t\t\t\t   revapi4 = tpj('#rev_slider_4_3').show().revolution(\r\n\t\t\t\t\t{\r\n\t\t\t\t\t\tdelay:6000,\r\n\t\t\t\t\t\tstartwidth:960,\r\n\t\t\t\t\t\tstartheight:350,\r\n\t\t\t\t\t\thideThumbs:200,\r\n\t\t\t\t\t\t\r\n\t\t\t\t\t\tthumbWidth:100,\r\n\t\t\t\t\t\tthumbHeight:50,\r\n\t\t\t\t\t\tthumbAmount:1,\r\n\t\t\t\t\t\t\r\n\t\t\t\t\t\tnavigationType:\"bullet\",\r\n\t\t\t\t\t\tnavigationArrows:\"solo\",\r\n\t\t\t\t\t\tnavigationStyle:\"round\",\r\n\t\t\t\t\t\t\r\n\t\t\t\t\t\ttouchenabled:\"on\",\r\n\t\t\t\t\t\tonHoverStop:\"off\",\r\n\t\t\t\t\t\t\r\n\t\t\t\t\t\tnavigationHAlign:\"center\",\r\n\t\t\t\t\t\tnavigationVAlign:\"bottom\",\r\n\t\t\t\t\t\tnavigationHOffset:0,\r\n\t\t\t\t\t\tnavigationVOffset:20,\r\n\r\n\t\t\t\t\t\tsoloArrowLeftHalign:\"left\",\r\n\t\t\t\t\t\tsoloArrowLeftValign:\"center\",\r\n\t\t\t\t\t\tsoloArrowLeftHOffset:20,\r\n\t\t\t\t\t\tsoloArrowLeftVOffset:0,\r\n\r\n\t\t\t\t\t\tsoloArrowRightHalign:\"right\",\r\n\t\t\t\t\t\tsoloArrowRightValign:\"center\",\r\n\t\t\t\t\t\tsoloArrowRightHOffset:20,\r\n\t\t\t\t\t\tsoloArrowRightVOffset:0,\r\n\t\t\t\t\t\t\t\t\r\n\t\t\t\t\t\tshadow:3,\r\n\t\t\t\t\t\tfullWidth:\"off\",\r\n\r\n\t\t\t\t\t\tstopLoop:\"on\",\r\n\t\t\t\t\t\tstopAfterLoops:1,\r\n\t\t\t\t\t\tstopAtSlide:1,\r\n\r\n\t\t\t\t\t\tshuffle:\"off\",\r\n\t\t\t\t\t\t\r\n\t\t\t\t\t\thideSliderAtLimit:0,\r\n\t\t\t\t\t\thideCaptionAtLimit:0,\r\n\t\t\t\t\t\thideAllCaptionAtLilmit:0,\r\n\t\t\t\t\t\tstartWithSlide:0\t\r\n\t\t\t\t\t});\r\n\t\t\t\t\r\n\t\t\t\t});\t\/\/ready\r\n\t\t\t\t\r\n\t\t\t<\/script>\r\n\t\t\t\r\n\t\t\t\t\t\t\t<!-- END REVOLUTION SLIDER -->\r\n\t\t\t\t<\/p>\n<p>Nous assistons nos clients dans la recherche et la s\u00e9lection de cadres \u00e0 tous les niveaux de management et agissons au niveau national et international, notamment dans les domaines de la m\u00e9decine, des sciences naturelles et de l&rsquo;informatique.<\/p>\n<p>Nous observons et analysons les march\u00e9s du travail et les diff\u00e9rents secteurs \u00e0 l\u2019\u00e9chelle nationale et internationale.<\/p>\n<p>Avec nos partenaires nous recherchons les meilleurs talents \u00e0 l\u2019\u00e9chelle nationale et internationale.<\/p>\n<p><strong>Profitez de l\u2019expertise de notre \u00e9quipe sp\u00e9cialis\u00e9e.<\/strong><\/p>\n<p><\/p>","protected":false},"excerpt":{"rendered":"<p>Nous assistons nos clients dans la recherche et la s\u00e9lection de cadres \u00e0 tous les niveaux de management et agissons au niveau national et international, notamment dans les domaines de la m\u00e9decine, des sciences naturelles et de l&rsquo;informatique. Nous observons et analysons les march\u00e9s du travail et les diff\u00e9rents secteurs \u00e0 l\u2019\u00e9chelle nationale et internationale&#8230;.<\/p>\n","protected":false},"author":1,"featured_media":0,"parent":0,"menu_order":0,"comment_status":"open","ping_status":"open","template":"","meta":[],"_links":{"self":[{"href":"https:\/\/www.benz-consult.com\/fr\/wp-json\/wp\/v2\/pages\/11"}],"collection":[{"href":"https:\/\/www.benz-consult.com\/fr\/wp-json\/wp\/v2\/pages"}],"about":[{"href":"https:\/\/www.benz-consult.com\/fr\/wp-json\/wp\/v2\/types\/page"}],"author":[{"embeddable":true,"href":"https:\/\/www.benz-consult.com\/fr\/wp-json\/wp\/v2\/users\/1"}],"replies":[{"embeddable":true,"href":"https:\/\/www.benz-consult.com\/fr\/wp-json\/wp\/v2\/comments?post=11"}],"version-history":[{"count":13,"href":"https:\/\/www.benz-consult.com\/fr\/wp-json\/wp\/v2\/pages\/11\/revisions"}],"predecessor-version":[{"id":247,"href":"https:\/\/www.benz-consult.com\/fr\/wp-json\/wp\/v2\/pages\/11\/revisions\/247"}],"wp:attachment":[{"href":"https:\/\/www.benz-consult.com\/fr\/wp-json\/wp\/v2\/media?parent=11"}],"curies":[{"name":"wp","href":"https:\/\/api.w.org\/{rel}","templated":true}]}}